{"id":17669,"date":"2022-11-14T15:42:16","date_gmt":"2022-11-14T19:42:16","guid":{"rendered":"http:\/\/wp232190.wpdns.ca\/?page_id=17669"},"modified":"2023-09-22T12:30:35","modified_gmt":"2023-09-22T16:30:35","slug":"condiciones-de-uso","status":"publish","type":"page","link":"https:\/\/suco.org\/es\/condiciones-de-uso\/","title":{"rendered":"Condiciones de uso"},"content":{"rendered":"\n<h2 class=\"wp-block-heading\">Introducci\u00f3n<\/h2>\n\n\n\n<p><br>Bienvenido al sitio web de SUCO (www.suco.org). Al navegar en nuestro sitio web, usted acepta los siguientes t\u00e9rminos y condiciones de uso. Si no est\u00e1 de acuerdo con todos los siguientes t\u00e9rminos y condiciones, por favor no acceda ni utilice este sitio.<\/p>\n\n\n\n<h2 class=\"wp-block-heading\">Aviso acerca de la propiedad intelectual<\/h2>\n\n\n\n<p>Este sitio web de SUCO, as\u00ed como todo el contenido all\u00ed difundido o accesible a trav\u00e9s del mismo, est\u00e1 protegido por derechos de autor. Toda adaptaci\u00f3n o difusi\u00f3n del mismo est\u00e1 prohibida, a menos de haber obtenido previamente la autorizaci\u00f3n para ello.<br><\/p>\n\n\n\n<h2 class=\"wp-block-heading\">Exenci\u00f3n de responsabilidad<\/h2>\n\n\n\n<p>SUCO no ofrece ninguna garant\u00eda en cuanto a la exactitud, la pertinencia o la fiabilidad del contenido de este sitio web, ni en cuanto a los errores u omisiones que pudiese contener. En ning\u00fan caso la informaci\u00f3n contenida en este sitio web puede ser interpretada como una asesor\u00eda jur\u00eddica y SUCO no se responsabiliza por el uso que se haga de ella.<\/p>\n\n\n\n<h2 class=\"wp-block-heading\">Protecci\u00f3n de los datos personales<\/h2>\n\n\n\n<p>SUCO respeta su derecho a la protecci\u00f3n de las informaciones personales, en conformidad con las leyes de Quebec y de Canad\u00e1 en materia de protecci\u00f3n de la vida privada. Para m\u00e1s informaci\u00f3n, consulte nuestra <a href=\"http:\/\/suco.org\/wp-content\/uploads\/2023\/09\/Politica-de-confidencialidad-SUCO-1.pdf\" target=\"_blank\" rel=\"noreferrer noopener\">pol\u00edtica de confidencialidad<\/a>. <\/p>\n","protected":false},"excerpt":{"rendered":"<p>Introducci\u00f3n Bienvenido al sitio web de SUCO (www.suco.org). Al navegar en nuestro sitio web, usted acepta los siguientes t\u00e9rminos y condiciones de uso. Si no est\u00e1 de acuerdo con todos los siguientes t\u00e9rminos y condiciones, por favor no acceda ni utilice este sitio. Aviso acerca de la propiedad intelectual Este sitio web de SUCO, as\u00ed &hellip; <a href=\"https:\/\/suco.org\/es\/condiciones-de-uso\/\">Continued<\/a><\/p>\n","protected":false},"author":5,"featured_media":0,"parent":0,"menu_order":0,"comment_status":"closed","ping_status":"closed","template":"","meta":{"_acf_changed":false,"_relevanssi_hide_post":"","_relevanssi_hide_content":"","_relevanssi_pin_for_all":"","_relevanssi_pin_keywords":"","_relevanssi_unpin_keywords":"","_relevanssi_related_keywords":"","_relevanssi_related_include_ids":"","_relevanssi_related_exclude_ids":"","_relevanssi_related_no_append":"","_relevanssi_related_not_related":"","_relevanssi_related_posts":"18009,18032,18036,18029","_relevanssi_noindex_reason":"","footnotes":""},"class_list":["post-17669","page","type-page","status-publish","hentry"],"acf":[],"_links":{"self":[{"href":"https:\/\/suco.org\/es\/wp-json\/wp\/v2\/pages\/17669","targetHints":{"allow":["GET"]}}],"collection":[{"href":"https:\/\/suco.org\/es\/wp-json\/wp\/v2\/pages"}],"about":[{"href":"https:\/\/suco.org\/es\/wp-json\/wp\/v2\/types\/page"}],"author":[{"embeddable":true,"href":"https:\/\/suco.org\/es\/wp-json\/wp\/v2\/users\/5"}],"replies":[{"embeddable":true,"href":"https:\/\/suco.org\/es\/wp-json\/wp\/v2\/comments?post=17669"}],"version-history":[{"count":4,"href":"https:\/\/suco.org\/es\/wp-json\/wp\/v2\/pages\/17669\/revisions"}],"predecessor-version":[{"id":20204,"href":"https:\/\/suco.org\/es\/wp-json\/wp\/v2\/pages\/17669\/revisions\/20204"}],"wp:attachment":[{"href":"https:\/\/suco.org\/es\/wp-json\/wp\/v2\/media?parent=17669"}],"curies":[{"name":"wp","href":"https:\/\/api.w.org\/{rel}","templated":true}]}}