{"id":17681,"date":"2022-11-14T15:49:42","date_gmt":"2022-11-14T19:49:42","guid":{"rendered":"http:\/\/wp232190.wpdns.ca\/?page_id=17681"},"modified":"2023-01-06T11:09:16","modified_gmt":"2023-01-06T15:09:16","slug":"hacerse-miembro","status":"publish","type":"page","link":"https:\/\/suco.org\/es\/pasar-a-la-accion\/hacerse-miembro\/","title":{"rendered":"Hacerse miembro"},"content":{"rendered":"\n<section class=\"svg-inside-block\">\n  <h1 class=\"title-preview\">Icon inside block<\/h1>\n  <div class=\"svg-inside-block__preview\">\n          <div class=\"svg-inside-block__icon\">\n        <img decoding=\"async\" src=\"https:\/\/suco.org\/wp-content\/themes\/suco.org\/dist\/images\/svg\/eye.svg\" alt=\"\">\n      <\/div>\n        <h2 class=\"svg-inside-block__title\">\u00bfPor qu\u00e9 afiliarse a SUCO?<\/h2>\n  <\/div>\n    <div class=\"svg-inside-block__content\">\n\n<p>Nuestros miembros representan la fuerza sobre la cual se apoya nuestro trabajo, y su apoyo nos permite llevar a cabo la misi\u00f3n de la asociaci\u00f3n.<\/p>\n\n\n\n<p>Al hacerse miembro de la SUCOmunidad, usted manifiesta su solidaridad y participa en el crecimiento de la cooperaci\u00f3n internacional en todo Quebec.<\/p>\n\n\n\n<p>Ser miembro de SUCO significa concretamente:<\/p>\n\n\n\n<ul class=\"wp-block-list\"><li>Afirmar su apoyo a una organizaci\u00f3n alineada con sus valores, sean \u00e9stos la solidaridad, el compromiso, la responsabilidad, la igualdad entre mujeres y hombres, la justicia social o el respeto a la diversidad.<\/li><li>Ser la voz de SUCO en estos temas, dando m\u00e1s peso a nuestros mensajes y a las causas que defendemos, sobre todo frente a los poderes p\u00fablicos.<\/li><li>Convertirse en embajador(a) de SUCO, apoyando nuestras misiones en los pa\u00edses de intervenci\u00f3n y movilizando su red profesional y personal.<\/li><\/ul>\n\n\n\n<p>Ser miembro de SUCO es igualmente:<\/p>\n\n\n\n<ul class=\"wp-block-list\"><li>Unirse y conocer una red de actores y actrices del cambio que, como usted, est\u00e1n comprometidos en nuestros proyectos e iniciativas en Quebec y a nivel internacional.<\/li><li>Participar en la vida asociativa de nuestro organismo: usted recibir\u00e1 nuestro informe anual y ser\u00e1 invitado(a) a participar en nuestra Asamblea General Anual con derecho a voz y voto.<\/li><li>Conocer mejor los proyectos que ejecutamos y los pa\u00edses donde intervenimos, gracias a los contenidos personalizados relacionados con nuestras actividades y nuestras organizaciones socias.<\/li><li>Compartir su experiencia con otros miembros de SUCO y aprovechar sus fortalezas a fin de promover los valores que defendemos.<\/li><\/ul>\n\n<\/div>\n<\/section>\n                    \n\n\n\n<section class=\"cta-block theme-block alignwide\">\n  <div class=\"cta-block__wrapper card-style\">\n                      \n  <div class=\"cta-card\">\n    <div class=\"cta-card__inner\"  >\n      <div class=\"bg-decoration--over\"><\/div>\n      <div class=\"bg-decoration--under\"><\/div>\n              <div class=\"cta-card__icon\">\n          <svg width=\"18\" height=\"14\" viewBox=\"0 0 18 14\" version=\"1.1\" xmlns=\"http:\/\/www.w3.org\/2000\/svg\" xmlns:xlink=\"http:\/\/www.w3.org\/1999\/xlink\"><defs><filter color-interpolation-filters=\"auto\" id=\"filter-1\"><feColorMatrix in=\"SourceGraphic\" type=\"matrix\" values=\"0 0 0 0 0.811765 0 0 0 0 0.843137 0 0 0 0 0.854902 0 0 0 1.000000 0\"\/><\/filter><path d=\"M10.293.293a1 1 0 011.414 0l6 6A1.006 1.006 0 0118 7l-.004-.085a.44.44 0 01.003.052L18 7a1.018 1.018 0 01-.146.52 1.035 1.035 0 01-.147.187l.08-.09a1.003 1.003 0 01-.007.008l-.073.082-6 6a1 1 0 01-1.414-1.414l4.292-4.294L1 8a1 1 0 01-.993-.883L0 7a1 1 0 011-1l13.585-.001-4.292-4.292a1 1 0 01-.083-1.32z\" id=\"path-2\"\/><\/defs><g id=\"Page-1\" stroke=\"none\" stroke-width=\"1\" fill=\"none\" fill-rule=\"evenodd\"><g id=\"Accueil\" transform=\"translate(-1727 -1187)\"><g id=\"Header\" transform=\"translate(-1 48)\"><g id=\"navigation\" transform=\"translate(938 1121)\"><g id=\"arrow\" transform=\"translate(774)\"><g id=\"arrow-right\" transform=\"translate(16 18)\" filter=\"url(#filter-1)\"><mask id=\"mask-3\" fill=\"#fff\"><use xlink:href=\"#path-2\"\/><\/mask><use id=\"Combined-Shape\" fill=\"#000\" fill-rule=\"nonzero\" xlink:href=\"#path-2\"\/><\/g><\/g><\/g><\/g><\/g><\/g><\/svg>        <\/div>\n      \n      <div class=\"cta-card__content\">\n                  <h3>Hacerse miembro<\/h3> \n                      <\/div>\n\n      \n              <div class=\"cta-card__arrow\">\n          <span class=\"arrow icon-arrowRight\"><\/span>\n        <\/div>\n        <a href=\"https:\/\/interland3.donorperfect.net\/weblink\/WebLink.aspx?name=E910060QF&#038;id=40&#038;formid=405&#038;Preview=true\" class=\"cta-card__link\" target=\"\" rel=\"noopener\"><\/a>\n          <\/div>\n  <\/div>\n            <\/div>\n<\/section>\n\n\n\n<section class=\"svg-inside-block\">\n  <h1 class=\"title-preview\">Icon inside block<\/h1>\n  <div class=\"svg-inside-block__preview\">\n          <div class=\"svg-inside-block__icon\">\n        <img decoding=\"async\" src=\"https:\/\/suco.org\/wp-content\/themes\/suco.org\/dist\/images\/svg\/heart.svg\" alt=\"\">\n      <\/div>\n        <h2 class=\"svg-inside-block__title\">3 tipos de afiliaci\u00f3n<\/h2>\n  <\/div>\n    <div class=\"svg-inside-block__content\">\n\n<div class=\"wp-block-columns is-layout-flex wp-container-core-columns-is-layout-9d6595d7 wp-block-columns-is-layout-flex\">\n<div class=\"wp-block-column is-layout-flow wp-block-column-is-layout-flow\">\n<div class=\"wp-block-image is-style-default\"><figure class=\"aligncenter size-full\"><img loading=\"lazy\" decoding=\"async\" width=\"78\" height=\"140\" src=\"https:\/\/suco.wp.vortexdev.com\/wp-content\/uploads\/2021\/08\/footprint.png\" alt=\"\" class=\"wp-image-986\"\/><\/figure><\/div>\n\n\n\n<p>Afiliaci\u00f3n regular: 20 CAD anuales<\/p>\n\n\n\n<p class=\"has-text-align-center\">&nbsp;<\/p>\n<\/div>\n\n\n\n<div class=\"wp-block-column is-layout-flow wp-block-column-is-layout-flow\">\n<div class=\"wp-block-image\"><figure class=\"aligncenter size-full\"><img loading=\"lazy\" decoding=\"async\" width=\"78\" height=\"140\" src=\"https:\/\/suco.wp.vortexdev.com\/wp-content\/uploads\/2021\/08\/footprint.png\" alt=\"\" class=\"wp-image-986\"\/><\/figure><\/div>\n\n\n\n<p class=\"has-text-align-center\">Cuota de afiliaci\u00f3n para estudiantes y desempleados: 10 CAD<\/p>\n\n\n\n<p><\/p>\n<\/div>\n\n\n\n<div class=\"wp-block-column is-layout-flow wp-block-column-is-layout-flow\">\n<div class=\"wp-block-image\"><figure class=\"aligncenter size-full\"><img loading=\"lazy\" decoding=\"async\" width=\"78\" height=\"140\" src=\"https:\/\/suco.wp.vortexdev.com\/wp-content\/uploads\/2021\/08\/footprint.png\" alt=\"\" class=\"wp-image-986\"\/><\/figure><\/div>\n\n\n\n<p class=\"has-text-align-center\">No se exige cuota de afiliaci\u00f3n a las y los voluntarios que se encuentran trabajando o que llevan menos de dos a\u00f1os de regreso<\/p>\n<\/div>\n<\/div>\n\n<\/div>\n<\/section>\n                    \n\n\n\n<section class=\"svg-inside-block\">\n  <h1 class=\"title-preview\">Icon inside block<\/h1>\n  <div class=\"svg-inside-block__preview\">\n          <div class=\"svg-inside-block__icon\">\n        <img decoding=\"async\" src=\"https:\/\/suco.org\/wp-content\/themes\/suco.org\/dist\/images\/svg\/notepad.svg\" alt=\"\">\n      <\/div>\n        <h2 class=\"svg-inside-block__title\">\u00bfC\u00f3mo hacerse socio?<\/h2>\n  <\/div>\n    <div class=\"svg-inside-block__content\">\n\n<div class=\"wp-block-buttons is-layout-flex wp-block-buttons-is-layout-flex\">\n<div class=\"wp-block-button\"><a class=\"wp-block-button__link\" href=\"https:\/\/interland3.donorperfect.net\/weblink\/WebLink.aspx?name=E910060QF&amp;id=40&amp;formid=405&amp;Preview=true\" target=\"_blank\" rel=\"noopener\">ONLINE<\/a><\/div>\n<\/div>\n\n<\/div>\n<\/section>\n                    \n\n\n\n<h2 class=\"wp-block-heading\">\u00bfCu\u00e1nto dura mi afiliaci\u00f3n?<\/h2>\n\n\n\n<p>La afiliaci\u00f3n como miembro de SUCO tiene una duraci\u00f3n de un a\u00f1o a partir del d\u00eda de inscripci\u00f3n. Por ejemplo, si se afilia el 6 de septiembre de 2022, su afiliaci\u00f3n finalizar\u00e1 el 30 de septiembre de 2023.<\/p>\n\n\n\n<p>La renovaci\u00f3n de su afiliaci\u00f3n no es autom\u00e1tica. Para renovarla, es necesario diligenciar el <a href=\"https:\/\/interland3.donorperfect.net\/weblink\/WebLink.aspx?name=E910060QF&amp;id=40&amp;formid=405&amp;Preview=true\" data-type=\"URL\" data-id=\"https:\/\/interland3.donorperfect.net\/weblink\/WebLink.aspx?name=E910060QF&amp;id=40&amp;formid=405&amp;Preview=true\" target=\"_blank\" rel=\"noopener\">formulario<\/a> en l\u00ednea nuevamente. Usted recibir\u00e1 un recordatorio en julio de cada a\u00f1o.<\/p>\n","protected":false},"excerpt":{"rendered":"<p>\u00bfCu\u00e1nto dura mi afiliaci\u00f3n? La afiliaci\u00f3n como miembro de SUCO tiene una duraci\u00f3n de un a\u00f1o a partir del d\u00eda de inscripci\u00f3n. Por ejemplo, si se afilia el 6 de septiembre de 2022, su afiliaci\u00f3n finalizar\u00e1 el 30 de septiembre de 2023. La renovaci\u00f3n de su afiliaci\u00f3n no es autom\u00e1tica. Para renovarla, es necesario diligenciar &hellip; <a href=\"https:\/\/suco.org\/es\/pasar-a-la-accion\/hacerse-miembro\/\">Continued<\/a><\/p>\n","protected":false},"author":5,"featured_media":17682,"parent":17725,"menu_order":0,"comment_status":"closed","ping_status":"closed","template":"","meta":{"_acf_changed":false,"_relevanssi_hide_post":"","_relevanssi_hide_content":"","_relevanssi_pin_for_all":"","_relevanssi_pin_keywords":"","_relevanssi_unpin_keywords":"","_relevanssi_related_keywords":"","_relevanssi_related_include_ids":"","_relevanssi_related_exclude_ids":"","_relevanssi_related_no_append":"","_relevanssi_related_not_related":"","_relevanssi_related_posts":"18032,18029,18036,18009","_relevanssi_noindex_reason":"","footnotes":""},"class_list":["post-17681","page","type-page","status-publish","has-post-thumbnail","hentry"],"acf":[],"_links":{"self":[{"href":"https:\/\/suco.org\/es\/wp-json\/wp\/v2\/pages\/17681","targetHints":{"allow":["GET"]}}],"collection":[{"href":"https:\/\/suco.org\/es\/wp-json\/wp\/v2\/pages"}],"about":[{"href":"https:\/\/suco.org\/es\/wp-json\/wp\/v2\/types\/page"}],"author":[{"embeddable":true,"href":"https:\/\/suco.org\/es\/wp-json\/wp\/v2\/users\/5"}],"replies":[{"embeddable":true,"href":"https:\/\/suco.org\/es\/wp-json\/wp\/v2\/comments?post=17681"}],"version-history":[{"count":4,"href":"https:\/\/suco.org\/es\/wp-json\/wp\/v2\/pages\/17681\/revisions"}],"predecessor-version":[{"id":17904,"href":"https:\/\/suco.org\/es\/wp-json\/wp\/v2\/pages\/17681\/revisions\/17904"}],"up":[{"embeddable":true,"href":"https:\/\/suco.org\/es\/wp-json\/wp\/v2\/pages\/17725"}],"wp:featuredmedia":[{"embeddable":true,"href":"https:\/\/suco.org\/es\/wp-json\/wp\/v2\/media\/17682"}],"wp:attachment":[{"href":"https:\/\/suco.org\/es\/wp-json\/wp\/v2\/media?parent=17681"}],"curies":[{"name":"wp","href":"https:\/\/api.w.org\/{rel}","templated":true}]}}