{"id":17687,"date":"2022-11-14T15:52:18","date_gmt":"2022-11-14T19:52:18","guid":{"rendered":"http:\/\/wp232190.wpdns.ca\/?page_id=17687"},"modified":"2025-11-13T11:59:01","modified_gmt":"2025-11-13T15:59:01","slug":"donaciones","status":"publish","type":"page","link":"https:\/\/suco.org\/es\/donaciones\/","title":{"rendered":"Donaciones"},"content":{"rendered":"\n<section class=\"svg-inside-block\">\n  <h1 class=\"title-preview\">Icon inside block<\/h1>\n  <div class=\"svg-inside-block__preview\">\n          <div class=\"svg-inside-block__icon\">\n        <img decoding=\"async\" src=\"https:\/\/suco.org\/wp-content\/themes\/suco.org\/dist\/images\/svg\/heart.svg\" alt=\"\">\n      <\/div>\n        <h2 class=\"svg-inside-block__title\">Participe en el cambio:<\/h2>\n  <\/div>\n    <div class=\"svg-inside-block__content\">\n\n<p><\/p>\n\n<\/div>\n<\/section>\n                    \n\n\n\n<section class=\"cta-block theme-block alignwide\">\n  <div class=\"cta-block__wrapper round-style\">\n                      \n  <div class=\"cta-card\">\n    <div class=\"cta-card__inner\"  >\n      <div class=\"bg-decoration--over\"><\/div>\n      <div class=\"bg-decoration--under\"><\/div>\n              <div class=\"cta-card__icon\">\n          <svg width=\"78\" height=\"78\" viewBox=\"0 0 78 78\" version=\"1.1\" xmlns=\"http:\/\/www.w3.org\/2000\/svg\"><g id=\"Page-1\" stroke=\"none\" stroke-width=\"1\" fill=\"none\" fill-rule=\"evenodd\"><path d=\"M75.4 57.2H64.2a23.356 23.356 0 00-10.324-37.9L39.705 3.107A9.1 9.1 0 0032.864 0H3.9A3.9 3.9 0 000 3.9v13a3.9 3.9 0 003.9 3.9h6.812a15.356 15.356 0 008.476 2.281 14.715 14.715 0 006.084-1.177l4.108 4.112c-7.983 8.865-7.975 22.33.02 31.184H18.2a2.6 2.6 0 00-2.6 2.6V65a2.59 2.59 0 001.3 2.239V75.4a2.6 2.6 0 002.6 2.6h54.6a2.6 2.6 0 002.6-2.6v-8.161A2.59 2.59 0 0078 65v-5.2a2.6 2.6 0 00-2.6-2.6zM68 41.571c-.003 5.911-2.59 11.534-7.1 15.429h-4.412c7.055-4.145 10.43-12.425 8.246-20.23-2.185-7.804-9.39-13.206-17.604-13.199-.242 0-.485.021-.727.03L44 21.238A21.44 21.44 0 0147.13 21c11.52.013 20.856 9.216 20.87 20.571zm-30.628-7.446a7.208 7.208 0 002.7 1.684c-.011.154-.03.308-.03.461a6.484 6.484 0 005.166 6.347v7.664a3.885 3.885 0 01-2.583-3.646c0-.716-.578-1.296-1.292-1.296-.713 0-1.291.58-1.291 1.296a6.484 6.484 0 005.166 6.346v.13c0 .715.578 1.295 1.292 1.295.713 0 1.291-.58 1.291-1.295v-.13a6.472 6.472 0 005.173-6.346 6.472 6.472 0 00-5.173-6.347v-6.836c.15-.208.287-.424.411-.648a3.887 3.887 0 012.173 3.469c0 .715.578 1.295 1.291 1.295.714 0 1.292-.58 1.292-1.295a6.492 6.492 0 00-3.964-5.959A6.924 6.924 0 0048.13 26c8.302.881 14.417 8.198 13.83 16.55-.587 8.35-7.665 14.735-16.008 14.44C37.61 56.695 30.998 49.826 31 41.454a15.44 15.44 0 013.677-10.03l2.695 2.701zM48 43c1.796.519 3 1.923 3 3.5s-1.204 2.981-3 3.5v-7zm-2-3c-1.792-.507-2.992-1.861-3-3.384v-.037a9.11 9.11 0 002.894-.537c.034-.012.066-.029.1-.042L46 40zM24.618 19.839a12.3 12.3 0 01-5.038.95c-7.004 0-9.82-4.199-10.135-5.237a1.304 1.304 0 00-2.194-.5 1.287 1.287 0 00-.29 1.26 7.468 7.468 0 001.266 2.207H4.3c-.717 0-1.299-.58-1.299-1.294V4.293A1.296 1.296 0 014.3 3h28.95a6.52 6.52 0 014.883 2.209L50 18.705a22.602 22.602 0 00-8.152.433L31.206 8.552a1.304 1.304 0 00-1.822.016 1.289 1.289 0 00-.016 1.812L45.1 26.028l.849.844a4.212 4.212 0 011.133 3.75 4.063 4.063 0 01-2.372 3.034 4.398 4.398 0 01-4.875-1.005L27.5 20.374a2.608 2.608 0 00-2.882-.535zM26 41.584c-.007-5.008 1.775-9.844 5.006-13.584l1.765 1.82c-3.389 4.007-4.876 9.36-4.06 14.61C29.53 49.68 32.566 54.285 37 57h-4.215c-4.31-3.892-6.782-9.51-6.785-15.416zM18 60h57v5H18v-5zm1 16v-8h55v8H19z\" id=\"DonUnique-EFF2F3\" fill=\"#EFF2F3\" fill-rule=\"nonzero\"\/><\/g><\/svg>        <\/div>\n      \n      <div class=\"cta-card__content\">\n                  <h3>Donaci\u00f3n \u00fanica<\/h3> \n                      <\/div>\n\n      \n              <div class=\"cta-card__arrow\">\n          <span class=\"arrow icon-arrowRight\"><\/span>\n        <\/div>\n        <a href=\"https:\/\/interland3.donorperfect.net\/weblink\/WebLink.aspx?name=E910060QF&#038;id=150\" class=\"cta-card__link\" target=\"http:\/\/_blank\" rel=\"noopener\"><\/a>\n          <\/div>\n  <\/div>\n            <\/div>\n<\/section>\n\n\n\n<section class=\"light-bg-block\">\n  <h1 class=\"title-preview\">Light background<\/h1>\n  <div class=\"light-bg-block__wrapper\">\n    \n\n<section class=\"svg-inside-block\">\n  <h1 class=\"title-preview\">Icon inside block<\/h1>\n  <div class=\"svg-inside-block__preview\">\n          <div class=\"svg-inside-block__icon\">\n        <img decoding=\"async\" src=\"https:\/\/suco.org\/wp-content\/themes\/suco.org\/dist\/images\/svg\/heart.svg\" alt=\"\">\n      <\/div>\n        <h2 class=\"svg-inside-block__title\">\u00bfPor qu\u00e9 hacer una donaci\u00f3n a SUCO?<\/h2>\n  <\/div>\n    <div class=\"svg-inside-block__content\">\n\n<p>Realice una donaci\u00f3n a SUCO a fin de unirse a un movimiento de actores y actrices del cambio, comprometidos con un mundo m\u00e1s solidario, equitativo y sostenible.<\/p>\n\n\n\n<p>Sus donaciones nos permiten movilizar personas, saberes y recursos para construir sistemas alimentarios viables y fortalecer la resiliencia clim\u00e1tica, asegur\u00e1ndonos de tener en cuenta las realidades de las mujeres y las personas marginalizadas, y que \u00e9stas participen plenamente en la toma de decisiones.<\/p>\n\n\n\n<p>Sus donaciones son destinadas a todos los proyectos de SUCO, donde las necesidades son prioritarias, a menos que se indique lo contrario.<\/p>\n\n\n\n<p>Por cada d\u00f3lar canadiense gastado, 92 centavos son destinados directamente a los proyectos que aumentan la resiliencia frente al cambio clim\u00e1tico, que implementan sistemas alimentarios sostenibles y que promueven los derechos y la participaci\u00f3n de las mujeres.<\/p>\n\n\n\n<div class=\"wp-block-buttons is-layout-flex wp-block-buttons-is-layout-flex\">\n<div class=\"wp-block-button\"><a class=\"wp-block-button__link wp-element-button\" href=\"https:\/\/interland3.donorperfect.net\/weblink\/WebLink.aspx?name=E910060QF&amp;id=150\" target=\"_blank\" rel=\"noopener\">Hacer una donaci\u00f3n<\/a><\/div>\n<\/div>\n\n<\/div>\n<\/section>\n                    \n\n\n  <\/div>\n<\/section>\n\n\n\n<section class=\"cta-block theme-block alignwide\">\n  <div class=\"cta-block__wrapper card-style\">\n                      \n  <div class=\"cta-card\">\n    <div class=\"cta-card__inner\"  >\n      <div class=\"bg-decoration--over\"><\/div>\n      <div class=\"bg-decoration--under\"><\/div>\n              <div class=\"cta-card__icon\">\n          <svg width=\"64\" height=\"65\" viewBox=\"0 0 64 65\" version=\"1.1\" xmlns=\"http:\/\/www.w3.org\/2000\/svg\"><g id=\"Page-1\" stroke=\"none\" stroke-width=\"1\" fill=\"none\" fill-rule=\"evenodd\"><g id=\"Accueil\" transform=\"translate(-320 -4778)\" fill-rule=\"nonzero\"><g id=\"Pyas-d'intervention-\" transform=\"translate(320 4773)\"><g id=\"location\" transform=\"translate(0 5)\"><path d=\"M63.893 29.81c.037-.1.059-.205.063-.312a1.07 1.07 0 00-.053-.332l-.082-.234a31.973 31.973 0 00-11.629-21.52c-.47-.383-.96-.729-1.452-1.084-.025-.02-.038-.049-.064-.068-.027-.02-.048-.017-.07-.031A32.076 32.076 0 0031.965.214c-.276 0-.552 0-.758.021-3.568.07-7.097.75-10.435 2.01a9.592 9.592 0 00-10.12-1.056A9.608 9.608 0 005.27 9.833c.065 1.222.348 2.422.839 3.543a32.135 32.135 0 00-2.867 4.728c-.016.026-.026.053-.04.08-7.57 15.667-1.271 34.52 14.194 42.475 15.464 7.957 34.447 2.113 42.77-13.167a31.585 31.585 0 003.79-13.648A24.35 24.35 0 0064 32.276c0-.828-.043-1.649-.107-2.466zm-3.103-5.485c-.135-.12-.26-.26-.402-.371a14.068 14.068 0 00-4.662-2.33 10.028 10.028 0 00-4.683-.05 9.223 9.223 0 01-3.988.02c-2.553-.558-4.57-.998-5.64-2.708-1.532-2.458-.814-5.913.803-7.13a2.435 2.435 0 011.827-.39 6.82 6.82 0 003.31-.557 8.58 8.58 0 002.883-2.198c.202.156.415.296.613.458a29.886 29.886 0 019.94 15.256zM2.067 32.276c.004-1.99.205-3.978.6-5.93.113 1.486.307 2.808.48 3.954.661 4.382 1.287 8.513 4.514 12.29 1.349 1.593 3.609 4.253 7.102 4.647 3.494.393 7.87-1.618 9.133-2.245l.485-.244a4.694 4.694 0 012.231-.715 5.265 5.265 0 013.494 1.786c1.822 2.019 2.285 5.39.99 7.214a3.28 3.28 0 01-1.64 1.14 4.99 4.99 0 00-2.679 2.138 6.605 6.605 0 00-.461 5.344C12.253 58.927 2.089 46.614 2.067 32.276zm29.899 29.926c-1.032 0-2.063-.054-3.09-.16a3.785 3.785 0 01-.243-.35 4.551 4.551 0 01-.02-4.288 2.946 2.946 0 011.676-1.262 5.321 5.321 0 002.547-1.872c1.857-2.614 1.332-7.142-1.142-9.881a7.33 7.33 0 00-5.058-2.494h-.048a6.468 6.468 0 00-3.18.948l-.457.231c-2.333 1.151-5.653 2.29-7.95 2.03-2.652-.296-4.494-2.468-5.715-3.906-2.832-3.314-3.387-6.98-4.027-11.222a30.757 30.757 0 01-.081-10.993 29.982 29.982 0 011.935-3.356c.035.071.074.144.106.214a215.145 215.145 0 01.534 1.013 40.871 40.871 0 00.567 1.02l.232.405a115.82 115.82 0 00.594 1.003c.127.213.254.413.381.62.073.116.144.235.213.35.158.254.315.5.472.748.042.064.084.132.124.195.196.303.39.599.58.888.073.107.143.214.214.32.117.177.234.353.349.522l.253.37c.092.137.185.272.274.402l.256.368.234.335.24.34c.08.11.133.187.196.275l.214.295.174.242.17.234.138.188.13.177.078.107.189.254a1.066 1.066 0 001.708 0c.896-1.19 8.758-11.74 8.758-16.68 0-.311-.02-.621-.049-.93-.01-.094-.024-.19-.036-.284a7.792 7.792 0 00-.107-.642 9.732 9.732 0 00-.238-.951c-.027-.085-.05-.172-.077-.256a9.526 9.526 0 00-.327-.846 2.793 2.793 0 00-.076-.155 10.265 10.265 0 00-.336-.657c-.053-.096-.112-.189-.17-.283-.102-.169-.21-.335-.32-.498-.066-.095-.134-.19-.203-.284-.037-.047-.067-.097-.107-.143a29.138 29.138 0 016.862-1.423c-1.665 3.145-2.208 6.054-1.587 8.657a11.146 11.146 0 002.563 4.676c1.005 1.245 1.728 2.142 1.683 3.608-.092 3.099-3.589 5.679-4.912 6.654a18.38 18.38 0 01-5.734 2.772c-1.94.634-3.613 1.18-4.253 3.092a6.095 6.095 0 002.586 6.59 5.39 5.39 0 004.255.376 13.123 13.123 0 014.712-.225c2.03.287 3.778.534 4.608 1.697.492.694.467 1.412.37 2.73a12.96 12.96 0 00.554 5.538c.487 1.463 1.223 3.67 2.99 3.925.115.019.232.028.347.028 1.251 0 2.017-1.105 2.822-2.268a20.72 20.72 0 011.217-1.626c2.198 3.554 4.43 6.52 4.534 6.66a1.067 1.067 0 001.709 0 88.858 88.858 0 006.32-9.74c1.312.38 2.561.95 3.708 1.692a29.845 29.845 0 01-25.833 14.886zm29.86-28.469a29.464 29.464 0 01-3.006 11.698 16.234 16.234 0 00-3.75-1.749 12.67 12.67 0 001.455-4.993 9.66 9.66 0 00-5.378-8.638l-.068-.03a10.42 10.42 0 00-.729-.32c-.17-.066-.346-.118-.52-.173-.107-.032-.203-.073-.306-.107a9.352 9.352 0 00-.837-.195h-.014c-.17-.032-.344-.049-.517-.071a9.537 9.537 0 00-7.604 2.283 9.554 9.554 0 00-3.247 7.251 11.01 11.01 0 001.057 4.107 39.442 39.442 0 002.023 3.981 19.699 19.699 0 00-1.829 2.334 5.562 5.562 0 01-1.098 1.346c-.214-.032-.61-.488-1.282-2.488a10.974 10.974 0 01-.45-4.709 5.72 5.72 0 00-.762-4.124c-1.363-1.909-3.743-2.245-6.06-2.574-1.8-.246-3.63-.163-5.4.243-1.367.262-2 .36-2.726-.093a4.052 4.052 0 01-1.687-4.097c.285-.855 1.14-1.164 2.883-1.737a20.491 20.491 0 006.344-3.085c1.556-1.142 5.66-4.174 5.783-8.31.069-2.262-1.062-3.658-2.156-5.007a9.245 9.245 0 01-2.144-3.821c-.567-2.382.136-5.174 2.042-8.304h.123a29.951 29.951 0 0116.524 5 6.415 6.415 0 01-2.015 1.508 4.777 4.777 0 01-2.366.37 4.476 4.476 0 00-3.174.818c-2.421 1.824-3.506 6.476-1.33 9.97 1.55 2.476 4.195 3.053 7.085 3.684a11.17 11.17 0 004.715-.02 8.048 8.048 0 013.79.012 11.87 11.87 0 013.876 1.941 8.752 8.752 0 012.652 3.79c.087.944.141 1.89.141 2.852 0 .478-.009.962-.041 1.457h.004z\" id=\"Shape\" fill=\"#000\"\/><path d=\"M61.827 33.733a29.464 29.464 0 01-3.007 11.698 16.234 16.234 0 00-3.75-1.749 12.67 12.67 0 001.455-4.993 9.66 9.66 0 00-5.378-8.638l-.068-.03a10.42 10.42 0 00-.729-.32c-.17-.066-.346-.118-.52-.173-.107-.032-.203-.073-.306-.107a9.352 9.352 0 00-.837-.195h-.014c-.17-.032-.344-.049-.517-.071a9.537 9.537 0 00-7.604 2.283 9.554 9.554 0 00-3.247 7.251 11.01 11.01 0 001.057 4.107 39.442 39.442 0 002.023 3.981 19.699 19.699 0 00-1.829 2.334 5.562 5.562 0 01-1.098 1.346c-.214-.032-.61-.488-1.282-2.488a10.974 10.974 0 01-.45-4.709 5.72 5.72 0 00-.762-4.124c-1.363-1.909-3.743-2.245-6.06-2.574-1.8-.246-3.63-.163-5.4.243-1.367.262-2 .36-2.726-.093a4.052 4.052 0 01-1.687-4.097c.285-.855 1.14-1.164 2.883-1.737a20.491 20.491 0 006.344-3.085c1.556-1.142 5.66-4.174 5.783-8.31.069-2.262-1.062-3.658-2.156-5.007a9.245 9.245 0 01-2.144-3.821c-.567-2.382.136-5.174 2.042-8.304h.123a29.951 29.951 0 0116.524 5 6.415 6.415 0 01-2.015 1.508 4.777 4.777 0 01-2.366.37 4.476 4.476 0 00-3.174.818c-2.421 1.824-3.506 6.476-1.33 9.97 1.55 2.476 4.195 3.053 7.085 3.684a11.17 11.17 0 004.715-.02 8.048 8.048 0 013.79.012 11.87 11.87 0 013.876 1.941 8.752 8.752 0 012.652 3.79c.087.944.141 1.89.141 2.852 0 .478-.009.962-.041 1.457h.004zm-59.76-1.457c.004-1.99.205-3.978.6-5.93.113 1.486.307 2.808.48 3.954.661 4.382 1.287 8.513 4.514 12.29 1.349 1.593 3.609 4.253 7.102 4.647 3.494.393 7.87-1.618 9.133-2.245l.485-.244a4.694 4.694 0 012.231-.715 5.265 5.265 0 013.494 1.786c1.822 2.019 2.285 5.39.99 7.214a3.28 3.28 0 01-1.64 1.14 4.99 4.99 0 00-2.679 2.138 6.605 6.605 0 00-.461 5.344C12.253 58.927 2.089 46.614 2.067 32.276z\" id=\"Path\" fill=\"#CFD7DA\"\/><path d=\"M14.88 2.351a7.49 7.49 0 017.475 7.482c0 3.197-4.797 10.516-7.474 14.226a67.178 67.178 0 01-6.587-10.956 8.914 8.914 0 01-.888-3.27 7.486 7.486 0 017.475-7.482zm37.016 30.767a7.466 7.466 0 012.494 5.571c0 .769-.312 2.292-1.793 5.187a79.67 79.67 0 01-5.682 9.035c-1.005-1.401-2.734-3.888-4.28-6.502a39.529 39.529 0 01-2.307-4.45 8.914 8.914 0 01-.888-3.27 7.486 7.486 0 018.163-7.45 7.405 7.405 0 014.293 1.879z\" id=\"Path\" fill=\"#F8F7A4\"\/><path d=\"M14.5 13.212a4.5 4.5 0 100-9 4.5 4.5 0 000 9zm0-6.75a2.25 2.25 0 110 4.5 2.25 2.25 0 010-4.5zM42 37.712a4.5 4.5 0 109 0 4.5 4.5 0 00-9 0zm6.75 0a2.25 2.25 0 11-4.5 0 2.25 2.25 0 014.5 0z\" id=\"Shape\" fill=\"#000\"\/><\/g><\/g><\/g><\/g><\/svg>        <\/div>\n      \n      <div class=\"cta-card__content\">\n                  <h3>Descubra el impacto de sus donaciones<\/h3> \n                      <\/div>\n\n      \n              <div class=\"cta-card__arrow\">\n          <span class=\"arrow icon-arrowRight\"><\/span>\n        <\/div>\n        <a href=\"https:\/\/suco.org\/wp-content\/uploads\/2024\/10\/SUCO_InformeAnual_2023-2024.pdf\" class=\"cta-card__link\" target=\"http:\/\/_blank\"><\/a>\n          <\/div>\n  <\/div>\n            <\/div>\n<\/section>\n\n\n\n<section class=\"svg-inside-block\">\n  <h1 class=\"title-preview\">Icon inside block<\/h1>\n  <div class=\"svg-inside-block__preview\">\n          <div class=\"svg-inside-block__icon\">\n        <img decoding=\"async\" src=\"https:\/\/suco.org\/wp-content\/themes\/suco.org\/dist\/images\/svg\/heart.svg\" alt=\"\">\n      <\/div>\n        <h2 class=\"svg-inside-block__title\">Si tiene alguna duda, le invitamos a ponerse en contacto con nosotros:<\/h2>\n  <\/div>\n    <div class=\"svg-inside-block__content\"><\/div>\n<\/section>\n                    \n\n\n\n<div class=\"wp-block-columns is-layout-flex wp-container-core-columns-is-layout-9d6595d7 wp-block-columns-is-layout-flex\">\n<div class=\"wp-block-column is-layout-flow wp-block-column-is-layout-flow\">\n<p class=\"has-text-align-center\">  \u2022   Correo electr\u00f3nico: <a href=\"mailto:donnez@suco.org\">donnez@suco.org<\/a> <\/p>\n\n\n\n<p class=\"has-text-align-center\"><\/p>\n<\/div>\n\n\n\n<div class=\"wp-block-column is-layout-flow wp-block-column-is-layout-flow\">\n<p class=\"has-text-align-center\">Usted recibir\u00e1 autom\u00e1ticamente un recibo fiscal.<\/p>\n\n\n\n<p class=\"has-text-align-center\">            N\u00famero del organismo de caridad: <strong>130650575RR0001<\/strong><\/p>\n<\/div>\n<\/div>\n\n\n\n<hr class=\"wp-block-separator has-alpha-channel-opacity\"\/>\n\n\n\n<h4 class=\"wp-block-heading\"><strong>Confidencialidad y seguridad<\/strong><\/h4>\n\n\n\n<p>SUCO se compromete a no intercambiar, vender o alquilar, de ninguna manera, su informaci\u00f3n personal sin su consentimiento. Esta informaci\u00f3n es estrictamente confidencial y ser\u00e1 utilizada para comunicarse con usted en caso de presentarse un problema administrativo, al recibir su donaci\u00f3n y\/o al emitir su recibo fiscal.<\/p>\n\n\n\n<p><strong>Recibo fiscal<\/strong><\/p>\n\n\n\n<p>Por toda donaci\u00f3n en efectivo igual o superior a 20 d\u00f3lares canadienses ser\u00e1 emitido un recibo fiscal al donante. Toda donaci\u00f3n inferior a 20 d\u00f3lares canadienses, el donante deber\u00e1 hacerla en l\u00ednea a fin de recibir un recibo fiscal. Los recibos fiscales postales correspondientes a las donaciones \u00fanicas (un solo monto) son enviados algunas semanas despu\u00e9s de la fecha de la donaci\u00f3n y por correo electr\u00f3nico son enviados autom\u00e1ticamente despu\u00e9s de la donaci\u00f3n.<\/p>\n","protected":false},"excerpt":{"rendered":"<p>\u2022 Correo electr\u00f3nico: donnez@suco.org Usted recibir\u00e1 autom\u00e1ticamente un recibo fiscal. N\u00famero del organismo de caridad: 130650575RR0001 Confidencialidad y seguridad SUCO se compromete a no intercambiar, vender o alquilar, de ninguna manera, su informaci\u00f3n personal sin su consentimiento. Esta informaci\u00f3n es estrictamente confidencial y ser\u00e1 utilizada para comunicarse con usted en caso de presentarse un problema &hellip; <a href=\"https:\/\/suco.org\/es\/donaciones\/\">Continued<\/a><\/p>\n","protected":false},"author":5,"featured_media":23141,"parent":0,"menu_order":0,"comment_status":"closed","ping_status":"closed","template":"","meta":{"_acf_changed":false,"_relevanssi_hide_post":"","_relevanssi_hide_content":"","_relevanssi_pin_for_all":"","_relevanssi_pin_keywords":"","_relevanssi_unpin_keywords":"","_relevanssi_related_keywords":"","_relevanssi_related_include_ids":"","_relevanssi_related_exclude_ids":"","_relevanssi_related_no_append":"","_relevanssi_related_not_related":"","_relevanssi_related_posts":"18029,18036,18009,18032","_relevanssi_noindex_reason":"","footnotes":""},"class_list":["post-17687","page","type-page","status-publish","has-post-thumbnail","hentry"],"acf":[],"_links":{"self":[{"href":"https:\/\/suco.org\/es\/wp-json\/wp\/v2\/pages\/17687","targetHints":{"allow":["GET"]}}],"collection":[{"href":"https:\/\/suco.org\/es\/wp-json\/wp\/v2\/pages"}],"about":[{"href":"https:\/\/suco.org\/es\/wp-json\/wp\/v2\/types\/page"}],"author":[{"embeddable":true,"href":"https:\/\/suco.org\/es\/wp-json\/wp\/v2\/users\/5"}],"replies":[{"embeddable":true,"href":"https:\/\/suco.org\/es\/wp-json\/wp\/v2\/comments?post=17687"}],"version-history":[{"count":18,"href":"https:\/\/suco.org\/es\/wp-json\/wp\/v2\/pages\/17687\/revisions"}],"predecessor-version":[{"id":23103,"href":"https:\/\/suco.org\/es\/wp-json\/wp\/v2\/pages\/17687\/revisions\/23103"}],"wp:featuredmedia":[{"embeddable":true,"href":"https:\/\/suco.org\/es\/wp-json\/wp\/v2\/media\/23141"}],"wp:attachment":[{"href":"https:\/\/suco.org\/es\/wp-json\/wp\/v2\/media?parent=17687"}],"curies":[{"name":"wp","href":"https:\/\/api.w.org\/{rel}","templated":true}]}}