{"id":17692,"date":"2022-11-14T15:58:32","date_gmt":"2022-11-14T19:58:32","guid":{"rendered":"http:\/\/wp232190.wpdns.ca\/?page_id=17692"},"modified":"2023-01-12T13:18:22","modified_gmt":"2023-01-12T17:18:22","slug":"historia","status":"publish","type":"page","link":"https:\/\/suco.org\/es\/quienes-somos\/historia\/","title":{"rendered":"Historia"},"content":{"rendered":"\n<div class=\"wp-block-media-text alignwide is-stacked-on-mobile\" style=\"grid-template-columns:24% auto\"><figure class=\"wp-block-media-text__media\"><img decoding=\"async\" src=\"https:\/\/suco.wp.vortexdev.com\/wp-content\/uploads\/2022\/11\/Ligne-de-temps-version-sans-trait-annees_Plan-de-travail-1-322x1024-1.jpg\" alt=\"\" class=\"wp-image-15593 size-full\"\/><\/figure><div class=\"wp-block-media-text__content\">\n<h3 class=\"wp-block-heading\">Y ahora, \u00a1el futuro!<\/h3>\n\n\n\n<p>Consecuente con su historia, SUCO contin\u00faa adapt\u00e1ndose con agilidad a las necesidades y realidades contempor\u00e1neas. Desde el inicio de esta d\u00e9cada, SUCO viene desarrollando estrategias a fin de aumentar su impacto, as\u00ed como mecanismos para aprender m\u00e1s acerca de sus experiencias y de aquellas de sus organizaciones socias, a fin de ofrecer un mejor apoyo a la innovaci\u00f3n.&nbsp;<\/p>\n\n\n\n<h3 class=\"wp-block-heading\">Los a\u00f1os 2010 \u2013 Juventud, medio ambiente y esp\u00edritu empresarial rural<\/h3>\n\n\n\n<p>Desarrollo de proyectos relacionados con la nutrici\u00f3n, la formaci\u00f3n de j\u00f3venes agricultores en t\u00e9cnicas agroecol\u00f3gicas innovadoras y el acompa\u00f1amiento empresarial: una espiral de desarrollo econ\u00f3mico y de autonom\u00eda.&nbsp;<\/p>\n\n\n\n<h3 class=\"wp-block-heading\">Los a\u00f1os 2000 \u2013 Igualdad de g\u00e9nero, desarrollo local y agroecolog\u00eda<\/h3>\n\n\n\n<p>Sistematizaci\u00f3n de los enfoques de igualdad de g\u00e9nero, fortalecimiento del poder de acci\u00f3n de las colectividades a trav\u00e9s del enfoque de desarrollo local y consolidaci\u00f3n del enfoque agroecol\u00f3gico, promotor de la soberan\u00eda alimentaria.&nbsp;<\/p>\n\n\n\n<h3 class=\"wp-block-heading\">Los a\u00f1os 1990 \u2013 Formalizaci\u00f3n de los enfoques originales de SUCO<\/h3>\n\n\n\n<p>Desarrollo y formalizaci\u00f3n de m\u00e9todos de intervenci\u00f3n adaptados a las realidades de las diferentes comunidades donde SUCO interviene con su enfoque agroecol\u00f3gico, como fue el caso del manual <em>El Machete Verde<\/em>*.<\/p>\n\n\n\n<h3 class=\"wp-block-heading\">Los a\u00f1os 80 \u2013 La solidaridad directa y el fortalecimiento de la sociedad civil<\/h3>\n\n\n\n<p>Separaci\u00f3n de SUCO y CUSO, y p\u00e9rdida del principal financiador de SUCO. Consecuente con sus valores y fortalecita con su capacidad de acci\u00f3n, SUCO desarrolla un enfoque de solidaridad directa con las poblaciones locales y busca fortalecer la sociedad civil.**<\/p>\n\n\n\n<h3 class=\"wp-block-heading\">Los a\u00f1os70 \u2013 Solidaridad y sensibilizaci\u00f3n del p\u00fablico<\/h3>\n\n\n\n<p>Acercamiento de las iniciativas locales de autodesarrollo y priorizaci\u00f3n de la educaci\u00f3n del p\u00fablico canadiense acerca de las realidades del desarrollo internacional. Los sindicatos y los grupos comunitarios se unen al movimiento.<\/p>\n\n\n\n<h3 class=\"wp-block-heading\"><strong>Los a\u00f1os 60 \u2013 Servir y aprender<\/strong><\/h3>\n\n\n\n<p>El 6 de junio de 1961 una red universitaria funda a SUCO\/CUSO y define dos objetivos: abrirse al mundo a trav\u00e9s de la creaci\u00f3n de puestos en educaci\u00f3n y en salud en pa\u00edses en desarrollo, y de la formaci\u00f3n dirigida al p\u00fablico canadiense.<\/p>\n\n\n\n<p><em>*Desarrollado por Daniel Gagnon, voluntario en Nicaragua<\/em><\/p>\n\n\n\n<p><em>**Esto no habr\u00eda sido posible sin el apoyo de una gran comunidad de donantes y de nuestros voluntarios.<\/em><\/p>\n<\/div><\/div>\n\n\n\n<p><\/p>\n","protected":false},"excerpt":{"rendered":"<p>Y ahora, \u00a1el futuro! Consecuente con su historia, SUCO contin\u00faa adapt\u00e1ndose con agilidad a las necesidades y realidades contempor\u00e1neas. Desde el inicio de esta d\u00e9cada, SUCO viene desarrollando estrategias a fin de aumentar su impacto, as\u00ed como mecanismos para aprender m\u00e1s acerca de sus experiencias y de aquellas de sus organizaciones socias, a fin de &hellip; <a href=\"https:\/\/suco.org\/es\/quienes-somos\/historia\/\">Continued<\/a><\/p>\n","protected":false},"author":5,"featured_media":16959,"parent":17723,"menu_order":0,"comment_status":"closed","ping_status":"closed","template":"","meta":{"_acf_changed":false,"_relevanssi_hide_post":"","_relevanssi_hide_content":"","_relevanssi_pin_for_all":"","_relevanssi_pin_keywords":"","_relevanssi_unpin_keywords":"","_relevanssi_related_keywords":"","_relevanssi_related_include_ids":"","_relevanssi_related_exclude_ids":"","_relevanssi_related_no_append":"","_relevanssi_related_not_related":"","_relevanssi_related_posts":"18009,18036,18032,18029","_relevanssi_noindex_reason":"","footnotes":""},"class_list":["post-17692","page","type-page","status-publish","has-post-thumbnail","hentry"],"acf":[],"_links":{"self":[{"href":"https:\/\/suco.org\/es\/wp-json\/wp\/v2\/pages\/17692","targetHints":{"allow":["GET"]}}],"collection":[{"href":"https:\/\/suco.org\/es\/wp-json\/wp\/v2\/pages"}],"about":[{"href":"https:\/\/suco.org\/es\/wp-json\/wp\/v2\/types\/page"}],"author":[{"embeddable":true,"href":"https:\/\/suco.org\/es\/wp-json\/wp\/v2\/users\/5"}],"replies":[{"embeddable":true,"href":"https:\/\/suco.org\/es\/wp-json\/wp\/v2\/comments?post=17692"}],"version-history":[{"count":4,"href":"https:\/\/suco.org\/es\/wp-json\/wp\/v2\/pages\/17692\/revisions"}],"predecessor-version":[{"id":18598,"href":"https:\/\/suco.org\/es\/wp-json\/wp\/v2\/pages\/17692\/revisions\/18598"}],"up":[{"embeddable":true,"href":"https:\/\/suco.org\/es\/wp-json\/wp\/v2\/pages\/17723"}],"wp:featuredmedia":[{"embeddable":true,"href":"https:\/\/suco.org\/es\/wp-json\/wp\/v2\/media\/16959"}],"wp:attachment":[{"href":"https:\/\/suco.org\/es\/wp-json\/wp\/v2\/media?parent=17692"}],"curies":[{"name":"wp","href":"https:\/\/api.w.org\/{rel}","templated":true}]}}