{"id":17695,"date":"2022-11-14T16:01:03","date_gmt":"2022-11-14T20:01:03","guid":{"rendered":"http:\/\/wp232190.wpdns.ca\/?page_id=17695"},"modified":"2024-08-28T13:04:10","modified_gmt":"2024-08-28T17:04:10","slug":"mision-vision-y-valores","status":"publish","type":"page","link":"https:\/\/suco.org\/es\/quienes-somos\/mision-vision-y-valores\/","title":{"rendered":"Misi\u00f3n, visi\u00f3n y valores"},"content":{"rendered":"\n<div class=\"wp-block-media-text alignwide has-media-on-the-right is-stacked-on-mobile\"><div class=\"wp-block-media-text__content\">\n<section class=\"svg-inside-block\">\n  <h1 class=\"title-preview\">Icon inside block<\/h1>\n  <div class=\"svg-inside-block__preview\">\n          <div class=\"svg-inside-block__icon\">\n        <img decoding=\"async\" src=\"https:\/\/suco.org\/wp-content\/themes\/suco.org\/dist\/images\/svg\/eye.svg\" alt=\"\">\n      <\/div>\n        <h2 class=\"svg-inside-block__title\">Misi\u00f3n<\/h2>\n  <\/div>\n    <div class=\"svg-inside-block__content\">\n\n<p>SUCO es una organizaci\u00f3n de cooperaci\u00f3n internacional creada en Montreal en 1961.<\/p>\n\n\n\n<p>La organizaci\u00f3n re\u00fane a personas, conocimientos y recursos a fin de fortalecer la autonom\u00eda de los individuos, las organizaciones y las colectividades. Apoya a las comunidades a fin de mejoran sus condiciones sociales, econ\u00f3micas y medioambientales, construyendo con ellas sistemas alimentarios viables y una mayor resiliencia clim\u00e1tica. En todas sus actividades se asegura de tener en cuenta las realidades y necesidades de las mujeres, y que \u00e9stas participen plenamente en la toma de decisiones. SUCO trabaja actualmente en Canad\u00e1, Ben\u00edn, Burkina Faso, Togo, Costa de Marfil, Hait\u00ed, Honduras, Nicaragua, Per\u00fa y Senegal.<\/p>\n\n<\/div>\n<\/section>\n                    \n<\/div><figure class=\"wp-block-media-text__media\"><img loading=\"lazy\" decoding=\"async\" width=\"1024\" height=\"768\" src=\"http:\/\/suco.org\/wp-content\/uploads\/2024\/08\/IMG_9209-1024x768.jpg\" alt=\"\" class=\"wp-image-21849 size-full\" srcset=\"https:\/\/suco.org\/wp-content\/uploads\/2024\/08\/IMG_9209-1024x768.jpg 1024w, https:\/\/suco.org\/wp-content\/uploads\/2024\/08\/IMG_9209-300x225.jpg 300w, https:\/\/suco.org\/wp-content\/uploads\/2024\/08\/IMG_9209-768x576.jpg 768w, https:\/\/suco.org\/wp-content\/uploads\/2024\/08\/IMG_9209-1536x1152.jpg 1536w, https:\/\/suco.org\/wp-content\/uploads\/2024\/08\/IMG_9209.jpg 1920w\" sizes=\"auto, (max-width: 1024px) 100vw, 1024px\" \/><\/figure><\/div>\n\n\n\n<div class=\"wp-block-media-text alignwide is-stacked-on-mobile\"><figure class=\"wp-block-media-text__media\"><img loading=\"lazy\" decoding=\"async\" width=\"1024\" height=\"768\" src=\"https:\/\/suco.wp.vortexdev.com\/wp-content\/uploads\/2021\/09\/P1017614-1024x768.jpg\" alt=\"\" class=\"wp-image-3119 size-full\" srcset=\"https:\/\/suco.org\/wp-content\/uploads\/2021\/09\/P1017614-1024x768.jpg 1024w, https:\/\/suco.org\/wp-content\/uploads\/2021\/09\/P1017614-300x225.jpg 300w, https:\/\/suco.org\/wp-content\/uploads\/2021\/09\/P1017614-768x576.jpg 768w, https:\/\/suco.org\/wp-content\/uploads\/2021\/09\/P1017614-1536x1152.jpg 1536w, https:\/\/suco.org\/wp-content\/uploads\/2021\/09\/P1017614.jpg 1920w\" sizes=\"auto, (max-width: 1024px) 100vw, 1024px\" \/><\/figure><div class=\"wp-block-media-text__content\">\n<section class=\"svg-inside-block\">\n  <h1 class=\"title-preview\">Icon inside block<\/h1>\n  <div class=\"svg-inside-block__preview\">\n          <div class=\"svg-inside-block__icon\">\n        <img decoding=\"async\" src=\"https:\/\/suco.org\/wp-content\/themes\/suco.org\/dist\/images\/svg\/eye.svg\" alt=\"\">\n      <\/div>\n        <h2 class=\"svg-inside-block__title\">Visi\u00f3n<\/h2>\n  <\/div>\n    <div class=\"svg-inside-block__content\">\n\n<p>Un mundo mas solidario, equitativo y sostenible.<\/p>\n\n\n\n<ul class=\"wp-block-list\">\n<li>Un mundo solidario que reconoce que nuestros intereses son comunes. Juntos habitamos esta Tierra, nuestras sociedades y nuestras comunidades. El compromiso con la solidaridad es la b\u00fasqueda de una din\u00e1mica comunitaria e internacional que reconoce que la prosperidad y la felicidad de unos no deben ir en contra de la prosperidad y la felicidad de los otros. Al contrario, buscamos desarrollarlas conjuntamente.<\/li>\n<\/ul>\n\n\n\n<ul class=\"wp-block-list\">\n<li>Un mundo justo, basado en la justicia. Tanto en las relaciones interpersonales como en las internacionales es necesario reconocer y respetar los derechos e intereses de todas las personas.<\/li>\n<\/ul>\n\n\n\n<ul class=\"wp-block-list\">\n<li>Un mundo sostenible, dotado de las condiciones necesarias para desarrollarse de forma viable. Este es uno de los principios del desarrollo sostenible: se dice que una situaci\u00f3n es \u201cviable\u201d \u00a0cuando las condiciones econ\u00f3micas y ecol\u00f3gicas est\u00e1n garantizadas a largo plazo, incluso a perpetuidad.\u00a0<\/li>\n<\/ul>\n\n<\/div>\n<\/section>\n                    \n<\/div><\/div>\n\n\n\n<div class=\"wp-block-columns is-layout-flex wp-container-core-columns-is-layout-9d6595d7 wp-block-columns-is-layout-flex\">\n<div class=\"wp-block-column is-layout-flow wp-block-column-is-layout-flow\">\n<section class=\"svg-inside-block\">\n  <h1 class=\"title-preview\">Icon inside block<\/h1>\n  <div class=\"svg-inside-block__preview\">\n          <div class=\"svg-inside-block__icon\">\n        <img decoding=\"async\" src=\"https:\/\/suco.org\/wp-content\/themes\/suco.org\/dist\/images\/svg\/eye.svg\" alt=\"\">\n      <\/div>\n        <h2 class=\"svg-inside-block__title\">Valores<\/h2>\n  <\/div>\n    <div class=\"svg-inside-block__content\"><\/div>\n<\/section>\n                    \n\n\n\n<div class=\"wp-block-columns is-layout-flex wp-container-core-columns-is-layout-9d6595d7 wp-block-columns-is-layout-flex\">\n<div class=\"wp-block-column is-layout-flow wp-block-column-is-layout-flow\">\n<p><strong>SOLIDARIDAD<\/strong><\/p>\n\n\n\n<p>SUCO privilegia este valor utiliz\u00e1ndolo como primera letra de su acr\u00f3nimo. La solidaridad es la base de la coherencia de nuestra misi\u00f3n y de las preocupaciones que nos motivan. Confiamos firmemente en las ventajas y beneficios de las asociaciones, y trabajamos a fin de maximizar las alianzas estrat\u00e9gicas Norte-Sur y Sur-Sur, as\u00ed como las contribuciones de ambas partes. Deseamos fomentar la apertura hacia redes de asociaciones que permitan valorar la diversidad de los puntos de vista y de las experiencias, as\u00ed como aumentar las articulaciones del desarrollo sostenible.<\/p>\n\n\n\n<p><strong>COMPROMISO<\/strong><\/p>\n\n\n\n<p>SUCO cree en el respeto de sus propios compromisos con su misi\u00f3n, as\u00ed como en aquellos de las poblaciones a fin de que asuman su propio desarrollo. Estamos comprometidos con la implementaci\u00f3n de una \u00e9tica profesional centrada en una clara definici\u00f3n de roles y funciones, en la rendici\u00f3n de cuentas y la b\u00fasqueda de la armon\u00eda con las prioridades de los pa\u00edses y las regiones concernidas, las instituciones p\u00fablicas locales, as\u00ed como las organizaciones de la sociedad civil que trabajan por el bienestar de las comunidades. Realizamos los esfuerzos necesarios a fin de aumentar la eficacia de la ayuda y de las buenas pr\u00e1cticas de gesti\u00f3n de los recursos, tanto humanos, financieros y materiales como ambientales.<\/p>\n\n\n\n<p><strong>RESPONSABILIDAD<\/strong><\/p>\n\n\n\n<p>SUCO ha hecho de este valor su principal <em>leitmotiv<\/em>. Situamos la participaci\u00f3n ciudadana, el respeto de los intereses de los grupos sociales y la gesti\u00f3n colectiva en el centro de cualquier proceso de desarrollo a fin de que todas y todos participen en la toma de las decisiones, act\u00faen y asuman su responsabilidad con pleno conocimiento de causa ante los objetivos comunes. Nuestra visi\u00f3n final es la autonom\u00eda de las poblaciones apoyadas a nivel organizativo, t\u00e9cnico y econ\u00f3mico, respetando a la vez los desaf\u00edos sociales y ambientales. La concertaci\u00f3n, la transparencia y el buen flujo de informaci\u00f3n son componentes esenciales de una responsabilizaci\u00f3n y una democratizaci\u00f3n constructivas.<\/p>\n<\/div>\n\n\n\n<div class=\"wp-block-column is-layout-flow wp-block-column-is-layout-flow\">\n<p><strong>IGUALDAD<\/strong> <strong>ENTRE MUJERES Y HOMBRES<\/strong><\/p>\n\n\n\n<p>Puesto que todos somos iguales, para SUCO las mujeres y los hombres deben vivir con dignidad y disfrutar de los mismos derechos y privilegios. Para lograrlo, trabajamos en la implementaci\u00f3n de las condiciones necesarias para ejercer la igualdad de g\u00e9nero a fin de hacer \u201cvisibles\u201d las necesidades e intereses de las mujeres y garantizar su plena participaci\u00f3n como asociadas de primera importancia en cualquier proceso de transformaci\u00f3n social y econ\u00f3mica de las sociedades..&nbsp; <\/p>\n\n\n\n<p><strong>JUSTICIA SOCIAL<\/strong><\/p>\n\n\n\n<p>SUCO trabaja para combatir toda forma de desigualdad y exclusi\u00f3n. Valoramos las relaciones sociales basadas en la confianza y el respeto mutuo, esenciales para el intercambio, la paz social y el bienestar de las personas y las colectividades. Nuestro enfoque es flexible y respetuoso de todas las personas que hacen parte de nuestra organizaci\u00f3n, as\u00ed como con todos los \u00e1mbitos de la sociedad, aqu\u00ed y en otros lugares del mundo. <\/p>\n\n\n\n<p><strong>RESPETO A LA DIVERSIDAD<\/strong><\/p>\n\n\n\n<p>SUCO reconoce las diversas manifestaciones de identidad, de cultura y de los saberes de las poblaciones donde interviene, y las tiene presentes en sus acciones.<\/p>\n<\/div>\n<\/div>\n<\/div>\n<\/div>\n","protected":false},"excerpt":{"rendered":"<p>SOLIDARIDAD SUCO privilegia este valor utiliz\u00e1ndolo como primera letra de su acr\u00f3nimo. La solidaridad es la base de la coherencia de nuestra misi\u00f3n y de las preocupaciones que nos motivan. Confiamos firmemente en las ventajas y beneficios de las asociaciones, y trabajamos a fin de maximizar las alianzas estrat\u00e9gicas Norte-Sur y Sur-Sur, as\u00ed como las &hellip; <a href=\"https:\/\/suco.org\/es\/quienes-somos\/mision-vision-y-valores\/\">Continued<\/a><\/p>\n","protected":false},"author":5,"featured_media":0,"parent":17723,"menu_order":0,"comment_status":"closed","ping_status":"closed","template":"","meta":{"_acf_changed":false,"_relevanssi_hide_post":"","_relevanssi_hide_content":"","_relevanssi_pin_for_all":"","_relevanssi_pin_keywords":"","_relevanssi_unpin_keywords":"","_relevanssi_related_keywords":"","_relevanssi_related_include_ids":"","_relevanssi_related_exclude_ids":"","_relevanssi_related_no_append":"","_relevanssi_related_not_related":"","_relevanssi_related_posts":"18036,18029,18009,18032","_relevanssi_noindex_reason":"","footnotes":""},"class_list":["post-17695","page","type-page","status-publish","hentry"],"acf":[],"_links":{"self":[{"href":"https:\/\/suco.org\/es\/wp-json\/wp\/v2\/pages\/17695","targetHints":{"allow":["GET"]}}],"collection":[{"href":"https:\/\/suco.org\/es\/wp-json\/wp\/v2\/pages"}],"about":[{"href":"https:\/\/suco.org\/es\/wp-json\/wp\/v2\/types\/page"}],"author":[{"embeddable":true,"href":"https:\/\/suco.org\/es\/wp-json\/wp\/v2\/users\/5"}],"replies":[{"embeddable":true,"href":"https:\/\/suco.org\/es\/wp-json\/wp\/v2\/comments?post=17695"}],"version-history":[{"count":7,"href":"https:\/\/suco.org\/es\/wp-json\/wp\/v2\/pages\/17695\/revisions"}],"predecessor-version":[{"id":21857,"href":"https:\/\/suco.org\/es\/wp-json\/wp\/v2\/pages\/17695\/revisions\/21857"}],"up":[{"embeddable":true,"href":"https:\/\/suco.org\/es\/wp-json\/wp\/v2\/pages\/17723"}],"wp:attachment":[{"href":"https:\/\/suco.org\/es\/wp-json\/wp\/v2\/media?parent=17695"}],"curies":[{"name":"wp","href":"https:\/\/api.w.org\/{rel}","templated":true}]}}