{"id":17714,"date":"2022-11-14T16:15:15","date_gmt":"2022-11-14T20:15:15","guid":{"rendered":"http:\/\/wp232190.wpdns.ca\/?page_id=17714"},"modified":"2025-12-17T15:27:03","modified_gmt":"2025-12-17T19:27:03","slug":"publicaciones-y-politicas","status":"publish","type":"page","link":"https:\/\/suco.org\/es\/publicaciones-y-politicas\/","title":{"rendered":"Publicaciones y pol\u00edticas"},"content":{"rendered":"\n<h2 class=\"wp-block-heading\">Informe anual<\/h2>\n\n\n\n<div class=\"wp-block-file\"><a id=\"wp-block-file--media-c38944ec-b489-4595-a4b2-7822e294e421\" href=\"https:\/\/suco.org\/wp-content\/uploads\/2025\/12\/SUCO_RapportAnnuel_24-25_85x11_ESP_web_v2.pdf\" target=\"_blank\" rel=\"noreferrer noopener\">Informe anual 2024-2025<\/a><\/div>\n\n\n\n<div class=\"wp-block-file\"><a id=\"wp-block-file--media-c38944ec-b489-4595-a4b2-7822e294e421\" href=\"https:\/\/suco.org\/wp-content\/uploads\/2024\/10\/SUCO_InformeAnual_2023-2024.pdf\" target=\"_blank\" rel=\"noreferrer noopener\">Informe anual 2023-2024<\/a><\/div>\n\n\n\n<div class=\"wp-block-file\"><a id=\"wp-block-file--media-c38944ec-b489-4595-a4b2-7822e294e421\" href=\"http:\/\/suco.org\/wp-content\/uploads\/2024\/01\/Suco_RA_2022-23_85x11-final-ESP_web.pdf\" target=\"_blank\" rel=\"noreferrer noopener\">Informe anual 2022-2023<\/a><\/div>\n\n\n\n<div class=\"wp-block-file\"><a id=\"wp-block-file--media-f366f846-d4c2-414a-9fef-d01374a9b9a2\" href=\"http:\/\/suco.org\/wp-content\/uploads\/2022\/09\/SUCO_InformeAnual_21-22.pdf\" target=\"_blank\" rel=\"noreferrer noopener\">Informe anual 2021-2022<\/a><\/div>\n\n\n\n<div class=\"wp-block-file\"><a id=\"wp-block-file--media-7d3c35b0-81c0-455a-962e-2380063f86cf\" href=\"http:\/\/suco.org\/wp-content\/uploads\/2022\/02\/SUCO_RapportAnnuel_20-21_11x7-ESP_rev.pdf\" target=\"_blank\" rel=\"noreferrer noopener\">Informe anual 2020-2021 <\/a><\/div>\n\n\n\n<h2 class=\"wp-block-heading\">Pol\u00edticas<\/h2>\n\n\n\n<div class=\"wp-block-file\"><a id=\"wp-block-file--media-f51fab9c-442a-4c4d-833a-d6cfc2b6a684\" href=\"http:\/\/suco.org\/wp-content\/uploads\/2023\/01\/SUCO-proceso-de-denuncia.pdf\" target=\"_blank\" rel=\"noreferrer noopener\">C\u00f3digo de conducta<\/a><\/div>\n\n\n\n<div class=\"wp-block-file\"><a id=\"wp-block-file--media-4f8f7ea9-2ec4-4309-b346-3e2d037d619e\" href=\"http:\/\/suco.org\/wp-content\/uploads\/2023\/01\/Politica-ambiental-SUCO.pdf\" target=\"_blank\" rel=\"noreferrer noopener\">Pol\u00edtica ambiental<\/a><\/div>\n\n\n\n<div class=\"wp-block-file\"><a id=\"wp-block-file--media-d569ce0d-1cc6-4205-9df1-11a914eda247\" href=\"http:\/\/suco.org\/wp-content\/uploads\/2023\/01\/Politica-de-igualdad-de-genero.pdf\" target=\"_blank\" rel=\"noreferrer noopener\">Pol\u00edtica de igualdad de g\u00e9nero<\/a><\/div>\n\n\n\n<div class=\"wp-block-file\"><a id=\"wp-block-file--media-46f0a384-7c10-4ac5-b212-6e45165ce8f1\" href=\"http:\/\/suco.org\/wp-content\/uploads\/2023\/01\/GUIA-DE-APLICACION-Politica-de-proteccion-contra-el-acoso-el-abuso-y-las-agresiones-de-caracter-sexual.pdf\" target=\"_blank\" rel=\"noreferrer noopener\">Pol\u00edtica de protecci\u00f3n contra el acoso, el abuso y las agresiones de car\u00e1cter sexual<\/a><\/div>\n\n\n\n<div class=\"wp-block-file\"><a id=\"wp-block-file--media-766ab286-6115-4c8b-9e0c-a70155e91213\" href=\"http:\/\/suco.org\/wp-content\/uploads\/2023\/01\/GUIA-DE-APLICACION-Politica-de-Salud-y-Seguridad-en-el-Trabajo.pdf\" target=\"_blank\" rel=\"noreferrer noopener\">Pol\u00edtica de Salud y Seguridad en el Trabajo<\/a><\/div>\n\n\n\n<div class=\"wp-block-file\"><a id=\"wp-block-file--media-5ec464da-99e7-479e-89fc-cf15323c0f3a\" href=\"https:\/\/suco.org\/wp-content\/uploads\/2025\/06\/Politica-de-confidencialidad-SUCO-30_05_2025.pdf\" target=\"_blank\" rel=\"noreferrer noopener\">Pol\u00edtica de confidencialidad<\/a><\/div>\n\n\n\n<h2 class=\"wp-block-heading\">Folletos<\/h2>\n\n\n\n<div class=\"wp-block-file\"><a id=\"wp-block-file--media-01d4e26a-bf1f-48f6-9b7d-481d6e2bc0a2\" href=\"http:\/\/suco.org\/wp-content\/uploads\/2022\/02\/SUCO-depliant_2021-255x11_ESP-WEB.pdf\" target=\"_blank\" rel=\"noreferrer noopener\">Folleto de presentaci\u00f3n corporativa<\/a><\/div>\n\n\n\n<p><\/p>\n","protected":false},"excerpt":{"rendered":"<p>Informe anual Informe anual 2024-2025 Informe anual 2023-2024 Informe anual 2022-2023 Informe anual 2021-2022 Pol\u00edticas C\u00f3digo de conducta Pol\u00edtica ambiental Pol\u00edtica de igualdad de g\u00e9nero Pol\u00edtica de protecci\u00f3n contra el acoso, el abuso y las agresiones de car\u00e1cter sexual Pol\u00edtica de Salud y Seguridad en el Trabajo Pol\u00edtica de confidencialidad Folletos<\/p>\n","protected":false},"author":5,"featured_media":17203,"parent":0,"menu_order":0,"comment_status":"closed","ping_status":"closed","template":"","meta":{"_acf_changed":false,"_relevanssi_hide_post":"","_relevanssi_hide_content":"","_relevanssi_pin_for_all":"","_relevanssi_pin_keywords":"","_relevanssi_unpin_keywords":"","_relevanssi_related_keywords":"","_relevanssi_related_include_ids":"","_relevanssi_related_exclude_ids":"","_relevanssi_related_no_append":"","_relevanssi_related_not_related":"","_relevanssi_related_posts":"18036,18009,18029,18032","_relevanssi_noindex_reason":"","footnotes":""},"class_list":["post-17714","page","type-page","status-publish","has-post-thumbnail","hentry"],"acf":[],"_links":{"self":[{"href":"https:\/\/suco.org\/es\/wp-json\/wp\/v2\/pages\/17714","targetHints":{"allow":["GET"]}}],"collection":[{"href":"https:\/\/suco.org\/es\/wp-json\/wp\/v2\/pages"}],"about":[{"href":"https:\/\/suco.org\/es\/wp-json\/wp\/v2\/types\/page"}],"author":[{"embeddable":true,"href":"https:\/\/suco.org\/es\/wp-json\/wp\/v2\/users\/5"}],"replies":[{"embeddable":true,"href":"https:\/\/suco.org\/es\/wp-json\/wp\/v2\/comments?post=17714"}],"version-history":[{"count":12,"href":"https:\/\/suco.org\/es\/wp-json\/wp\/v2\/pages\/17714\/revisions"}],"predecessor-version":[{"id":23304,"href":"https:\/\/suco.org\/es\/wp-json\/wp\/v2\/pages\/17714\/revisions\/23304"}],"wp:featuredmedia":[{"embeddable":true,"href":"https:\/\/suco.org\/es\/wp-json\/wp\/v2\/media\/17203"}],"wp:attachment":[{"href":"https:\/\/suco.org\/es\/wp-json\/wp\/v2\/media?parent=17714"}],"curies":[{"name":"wp","href":"https:\/\/api.w.org\/{rel}","templated":true}]}}